{"id":245,"date":"2024-07-24T18:28:28","date_gmt":"2024-07-24T18:28:28","guid":{"rendered":"https:\/\/vivika.io\/?page_id=245"},"modified":"2024-07-24T18:44:48","modified_gmt":"2024-07-24T18:44:48","slug":"politica-de-privacidad-para-vivika","status":"publish","type":"page","link":"https:\/\/vivika.io\/index.php\/politica-de-privacidad-para-vivika\/","title":{"rendered":"Pol\u00edtica de privacidad para V\u00edvika"},"content":{"rendered":"\n<p><\/p>\n\n\n\n<p><\/p>\n\n\n<style>.wp-block-kadence-advancedheading.kt-adv-heading245_aa16c0-cd, .wp-block-kadence-advancedheading.kt-adv-heading245_aa16c0-cd[data-kb-block=\"kb-adv-heading245_aa16c0-cd\"]{margin-top:var(--global-kb-spacing-3xl, 6.5rem);margin-right:0px;margin-bottom:0px;margin-left:0px;font-style:normal;}.wp-block-kadence-advancedheading.kt-adv-heading245_aa16c0-cd mark, .wp-block-kadence-advancedheading.kt-adv-heading245_aa16c0-cd[data-kb-block=\"kb-adv-heading245_aa16c0-cd\"] mark{font-style:normal;color:#f76a0c;padding-top:0px;padding-right:0px;padding-bottom:0px;padding-left:0px;}<\/style>\n<h4 class=\"kt-adv-heading245_aa16c0-cd wp-block-kadence-advancedheading has-theme-palette-3-color has-text-color\" data-kb-block=\"kb-adv-heading245_aa16c0-cd\">Pol\u00edtica de privacidad para V\u00edvika<\/h4>\n\n\n\n<div class=\"wp-block-group\"><div class=\"wp-block-group__inner-container is-layout-constrained wp-block-group-is-layout-constrained\">\n<p class=\"has-theme-palette-3-color has-text-color has-link-color wp-elements-acee8fbc50151ab435a26de8338a14f8\">Fecha de vigencia: 24 de julio de 2024<br>\u00a0<br>Introducci\u00f3n<br>\u00a1Bienvenido a VIVIKA S.A.S.! Esta Pol\u00edtica de Privacidad explica c\u00f3mo recopilamos, utilizamos, divulgamos y salvaguardamos su informaci\u00f3n personal, centr\u00e1ndonos en el uso de correo electr\u00f3nico, contrase\u00f1a y datos suministrados a la plataforma de administraci\u00f3n de propiedad horizontal. Al utilizar nuestra aplicaci\u00f3n, usted acepta los t\u00e9rminos descritos en esta pol\u00edtica.<br>\u00a0<br>Informaci\u00f3n que recopilamos<br>\u00a0<br>a. Informaci\u00f3n proporcionada por el usuario:<br>Cuando se registra o utiliza nuestra aplicaci\u00f3n, podemos recopilar la siguiente informaci\u00f3n:<br>Direcci\u00f3n de correo electr\u00f3nico<br>Contrase\u00f1a (cifrada)<br>Datos correspondientes a su propiedad, a las personas que habitan en ella, as\u00ed como a los veh\u00edculos y mascotas.<br>Pagos cobrados y realizados a favor de la propiedad horizontal<br>\u00a0<br>b. Informaci\u00f3n sobre la propiedad horizontal:<br>\u00a0<br>Nuestra aplicaci\u00f3n puede recopilar y almacenar datos relativos a la propiedad horizontal, correspondientes a descripci\u00f3n, zonas comunes, \u00e1reas, documentaci\u00f3n legal de la copropiedad, \u00f3rganos de administraci\u00f3n, expensas comunes, multas, soportes de reuniones, soportes de propietarios, residentes y visitantes, proyectos ejecutados y a realizarse en la copropiedad, control de visitantes, control de correspondencia, y en general informaci\u00f3n sobre la gesti\u00f3n de la administraci\u00f3n de la propiedad horizontal.<br>\u00a0<br>C\u00f3mo utilizamos tu informaci\u00f3n<br>\u00a0<br>Usamos la informaci\u00f3n que recopilamos para los siguientes prop\u00f3sitos, que incluyen, entre otros:<br>Autenticaci\u00f3n de usuario.<br>Gesti\u00f3n de la propiedad horizontal<br>\u00a0<br>\u00a0<br>Intercambio de datos<br>\u00a0<br>Podemos compartir su informaci\u00f3n con las siguientes partes bajo ciertas circunstancias:<br>Contactos de emergencia proporcionados por usted.<br>Proveedores de servicios que ayudan a gestionar de mejor forma la propiedad horizontal<br>Agremiaciones del sector, tales como la Lonja de Bogot\u00e1, o Fedelonjas<br>Autoridades competentes.<br>\u00a0<br>Seguridad de los datos<br>\u00a0<br>Tomamos medidas razonables para proteger su informaci\u00f3n personal, incluido el cifrado de contrase\u00f1as. Los datos se manejan de forma segura y solo se utilizan con el fin de apoyar en la gesti\u00f3n de la administraci\u00f3n de la propiedad horizontal.<br>\u00a0<br>Conservaci\u00f3n y eliminaci\u00f3n de datos<br>\u00a0<br>Conservamos su informaci\u00f3n personal durante el tiempo que sea necesario para los fines descritos en esta pol\u00edtica. Puede solicitar la eliminaci\u00f3n de su informaci\u00f3n a VIVIKA SAS NIT. 901710513-1 por correo f\u00edsico a la Carrera 10 No. 97 A \u2013 13 Of. 208 A, whats app: +57 302 3223220, o al correo electr\u00f3nico: administrativo@vivika.io, indic\u00e1ndonos usuario.<br>\u00a0<br>Informaci\u00f3n de contacto<br>\u00a0<br>Si tiene alguna pregunta sobre nuestra Pol\u00edtica de Privacidad o nuestras pr\u00e1cticas de aplicaci\u00f3n, por favor cont\u00e1ctenos a VIVIKA SAS NIT. 901710513-1 por correo f\u00edsico a la Carrera 10 No. 97 A \u2013 13 Of. 208 A, whats app: +57 302 3223220, o al correo electr\u00f3nico: <a href=\"mailto:administrativo@vivika.io\">administrativo@vivika.io<\/a><br>\u00a0<br>Cambios a esta pol\u00edtica<br>\u00a0<br>Podemos actualizar esta Pol\u00edtica de Privacidad para reflejar cambios en nuestras pr\u00e1cticas de informaci\u00f3n, especialmente con respecto al uso de datos de ubicaci\u00f3n. Le recomendamos que revise peri\u00f3dicamente esta p\u00e1gina para obtener la informaci\u00f3n m\u00e1s reciente.<br>\u00a0<br>Etiquetado claro<br>\u00a0<br>Este documento sirve como nuestra Pol\u00edtica de Privacidad.<\/p>\n<\/div><\/div>\n","protected":false},"excerpt":{"rendered":"<p>Pol\u00edtica de privacidad para V\u00edvika Fecha de vigencia: 24 de julio de 2024\u00a0Introducci\u00f3n\u00a1Bienvenido a VIVIKA S.A.S.! Esta Pol\u00edtica de Privacidad explica c\u00f3mo recopilamos, utilizamos, divulgamos y salvaguardamos su informaci\u00f3n personal, centr\u00e1ndonos en el uso de correo electr\u00f3nico, contrase\u00f1a y datos suministrados a la plataforma de administraci\u00f3n de propiedad horizontal. Al utilizar nuestra aplicaci\u00f3n, usted acepta&#8230;<\/p>\n","protected":false},"author":1,"featured_media":0,"parent":0,"menu_order":0,"comment_status":"closed","ping_status":"closed","template":"","meta":{"_kad_post_transparent":"","_kad_post_title":"","_kad_post_layout":"normal","_kad_post_sidebar_id":"","_kad_post_content_style":"","_kad_post_vertical_padding":"","_kad_post_feature":"","_kad_post_feature_position":"","_kad_post_header":false,"_kad_post_footer":false,"footnotes":""},"class_list":["post-245","page","type-page","status-publish","hentry"],"_links":{"self":[{"href":"https:\/\/vivika.io\/index.php\/wp-json\/wp\/v2\/pages\/245"}],"collection":[{"href":"https:\/\/vivika.io\/index.php\/wp-json\/wp\/v2\/pages"}],"about":[{"href":"https:\/\/vivika.io\/index.php\/wp-json\/wp\/v2\/types\/page"}],"author":[{"embeddable":true,"href":"https:\/\/vivika.io\/index.php\/wp-json\/wp\/v2\/users\/1"}],"replies":[{"embeddable":true,"href":"https:\/\/vivika.io\/index.php\/wp-json\/wp\/v2\/comments?post=245"}],"version-history":[{"count":26,"href":"https:\/\/vivika.io\/index.php\/wp-json\/wp\/v2\/pages\/245\/revisions"}],"predecessor-version":[{"id":271,"href":"https:\/\/vivika.io\/index.php\/wp-json\/wp\/v2\/pages\/245\/revisions\/271"}],"wp:attachment":[{"href":"https:\/\/vivika.io\/index.php\/wp-json\/wp\/v2\/media?parent=245"}],"curies":[{"name":"wp","href":"https:\/\/api.w.org\/{rel}","templated":true}]}}